{"id":684,"date":"2025-01-23T12:15:40","date_gmt":"2025-01-23T12:15:40","guid":{"rendered":"https:\/\/oassishomes.com\/?page_id=684"},"modified":"2025-01-23T12:16:45","modified_gmt":"2025-01-23T12:16:45","slug":"legal-notice-2","status":"publish","type":"page","link":"https:\/\/oassishomes.com\/en\/legal-notice-2\/","title":{"rendered":"Legal notice"},"content":{"rendered":"\t\t<div data-elementor-type=\"wp-page\" data-elementor-id=\"684\" class=\"elementor elementor-684 elementor-682\" data-elementor-post-type=\"page\">\n\t\t\t\t<div class=\"elementor-element elementor-element-4131b155 e-flex e-con-boxed e-con e-parent\" data-id=\"4131b155\" data-element_type=\"container\">\n\t\t\t\t\t<div class=\"e-con-inner\">\n\t\t\t\t<div class=\"elementor-element elementor-element-6b817ecf elementor-widget elementor-widget-heading\" data-id=\"6b817ecf\" data-element_type=\"widget\" data-widget_type=\"heading.default\">\n\t\t\t\t<div class=\"elementor-widget-container\">\n\t\t\t\t\t<h1 class=\"elementor-heading-title elementor-size-default\">Legal notice<\/h1>\t\t\t\t<\/div>\n\t\t\t\t<\/div>\n\t\t\t\t<div class=\"elementor-element elementor-element-4c922de elementor-widget elementor-widget-text-editor\" data-id=\"4c922de\" data-element_type=\"widget\" data-widget_type=\"text-editor.default\">\n\t\t\t\t<div class=\"elementor-widget-container\">\n\t\t\t\t\t\t\t\t\t<p>&nbsp;<\/p>\n\n<p>Please read the Terms and Conditions contained in this document carefully, since the use of this website implies the express and full acceptance of the same, in the version published at the time you access each and every one of the web pages located under the domain oassis.com and its respective subdomains and subdirectories. We recommend that you read this document carefully each time you access the website to check if there have been any changes to the conditions of use and leave it if you do not agree with said changes. If we believe that certain modifications are important, we will update the \u201cLast modified\u201d date at the top of this page. You will be responsible for reviewing and familiarizing yourself with any modifications made.<\/p>\n\n\n\n<h4 class=\"wp-block-heading\">1. Identification<\/h4>\n\n\n\n<p>In compliance with the duty of information contained in article 10 of Law 34\/2002, of July 11, on Information Society Services and Electronic Commerce with the current legislation on data protection, specifically, Organic Law 3\/2018, of December 5, on the protection of personal data and guarantee of digital rights (LOPDDGG) that fully implements Regulation (EU) 2016\/679 of the European Parliament and of the Council of April 27, 2016 on the protection of natural persons in which it respects the processing of personal data and the free circulation of these data (RGPD).<\/p>\n\n\n\n<p><strong>Owner of the page web:<\/strong>\u00a0Proddigia Capital, S.L. (hereinafter oassis)<br \/><strong>Trade Name:<\/strong>\u00a0oassis<br \/><strong>CIF:<\/strong>\u00a0B65512626<br \/><strong>Registered in the Commercial Registry<\/strong>, Volume 42426, Folio 198, Page B 407721, Entry 1<\/p>\n\n\n\n<h4 class=\"wp-block-heading\">2. Communication<\/h4>\n\n\n\n<p>To\u00a0<a href=\"https:\/\/proddigia.com\/wp-content\/uploads\/2021\/07\/Contacto.jpg\">contact<\/a>\u00a0us for any questions regarding the content of this Legal Notice, we offer you different means of contact that we detail below:<\/p>\n\n\n\n<p><strong>Telephone:<\/strong>\u00a093 238 7826<br \/><strong>Email:<\/strong>\u00a0info@oassis.com<br \/><strong>Registered Office:<\/strong>\u00a0Avenida Diagonal 361, 4\u00ba 1\u00aa, 080037, Barcelona<br \/><strong>Website Web:<\/strong>\u00a0www.oassis.com<\/p>\n\n\n<p>All notifications and communications provided in this section will be considered effective, for all purposes, when made through any of the means detailed above.<\/p>\n\n\n\n<p>By accessing, viewing or using the materials or services accessible on or through this website or the accessible content or other web pages or computer applications, the user declares that he or she understands and accepts this document as the legal equivalent of a signed and binding written document.<\/p>\n\n\n\n<h4 class=\"wp-block-heading\">3. Navigation<\/h4>\n\n\n\n<p>Our website has reasonable technical resources to provide safe navigation and protect all information collected. However, you should be aware that, although we apply and implement measures to protect your information, no website, Internet transmission, computer system or wireless connection is absolutely secure. oasis will not be responsible for any interruption of service, malfunction or any inconvenience that may occur due to causes beyond our control. Likewise, we exclude any liability for damages or losses arising from the presence of viruses or any type of incident originated or introduced into the computer system by hackers or third parties who maliciously access the integrity of our website.<\/p>\n\n\n\n<p><strong>Links to other websites:<\/strong> For your convenience, this website contains links to other pages that may have different privacy policies. In these cases, oasis acts as a provider of intermediation services in accordance with article 17 of Law 34\/2002, of July 12, on Information Society Services and Electronic Commerce (\u2018LSSI\u2019) and will only be responsible for the content and services provided on the linked websites to the extent that it has effective knowledge of the illegality and has not deactivated the link with due diligence. In the event that the User considers that there is a linked website with illegal or inappropriate content, he\/she may notify <strong>oassis<\/strong>, without this communication in any case entailing the obligation to remove the corresponding link.<\/p>\n\n\n\n<p>In no case, the existence of linked websites should presuppose the existence of agreements with the persons responsible or owners of the same, nor the recommendation, promotion or identification of oasis with the statements, content or services provided.<\/p>\n\n\n\n<p>oassis does not know the content and services of the linked websites and therefore is not responsible for the damages caused by the illegality, quality, outdatedness, unavailability, error and uselessness of the content and\/or services of the linked websites or for any other damage that is not is directly attributable to <strong>oassis<\/strong> .<\/p>\n\n\n\n<p>We recommend that you examine their respective legal terms and conditions. Under no circumstances will personal data be exchanged with any external page. We are also not responsible for the content or any other aspect related to web pages belonging to or managed by third parties. We also inform you that we cannot exercise any control over their maintenance and content, therefore, we cannot guarantee that the hyperlinks, pointers or other link functions provided on these sites are correct at the time of your access and that they are free of viruses or other harmful elements that could cause damage or alterations to your computer equipment.<\/p>\n\n\n\n<p><strong>User obligations:<\/strong> The User is obliged to make correct use of the website in accordance with the Law and this Legal Notice. The User shall be liable to oasis or to third parties for any damages that may be caused as a result of failure to comply with this obligation.<\/p>\n\n\n<p>The use of the website for purposes that are harmful to the property or interests of Oassis or third parties or that in any other way overload, damage or render useless the networks, servers and other computer equipment (hardware) or computer products and applications (software) of Oassis or third parties is expressly prohibited.<\/p>\n\n\n\n<h4 class=\"wp-block-heading\">4. Data collection forms<\/h4>\n\n\n\n<p>Without prejudice to the provisions of our Privacy Policy accessible from our website, the use of certain services or requests addressed to Oassis are subject to the prior completion of the corresponding User registration.<\/p>\n\n\n\n<p>All information provided by the User through the forms on our website for the above purposes or any other purposes must be truthful. For these purposes, the User guarantees the authenticity of all data communicated and will keep the information provided to Oassis perfectly updated so that it corresponds, at all times, to the real situation of the User. In any case, the User will be solely responsible for any false or inaccurate statements made and for any damages caused to Oassis or third parties due to the information provided.<\/p>\n\n\n\n<h4 class=\"wp-block-heading\">5. Intellectual property<\/h4>\n\n\n\n<p>The entirety of this website (product descriptions, text, images, brands, logos, buttons, files, colours, as well as the structure, selection, arrangement and presentation of its contents) are the property of Oassis or third parties who have licensed or authorised us to use them. All logos, brands and designs that appear on this website are part of the intellectual property rights registered by us, and any form of exploitation, i.e. reproduction, distribution, public communication and transformation without express authorisation, is prohibited. The user undertakes to use the content in a diligent, correct and lawful manner and, in particular, undertakes to refrain from deleting or manipulating the copyright and other identifying data of the rights of oasis or its owners incorporated into the content, as well as the technical protection devices or any information mechanisms that may be included in the content. Likewise, the user shall refrain from using the content and, in particular, information of any kind obtained through the site to send advertising, communications for commercial purposes, unsolicited messages addressed to a plurality of people regardless of their purpose, as well as to refrain from marketing or disclosing such information in any way. Likewise, Oassis may establish, if it deems appropriate, without prejudice to the sole and exclusive responsibility of the Users, the necessary filters in order to prevent the dissemination of content or opinions on its Web pages that are considered racist, xenophobic, discriminatory, pornographic, defamatory or that in any way encourage violence or the dissemination of clearly illegal or harmful content. oassis.com is a domain registered by Oassis and may not be used without prior express authorization. <\/p>\n\n\n\n<h4 class=\"wp-block-heading\">6. Commercial communications<\/h4>\n\n\n\n<p>Commercial communications. Provided we have your express consent (which will be obtained through an exclusive box present in our forms), we may use your personal data to contact you in the future to carry out commercial actions that may be of interest to you, always related to the products and\/or services offered by <strong>oassis <\/strong>. In any case, you will always have the option to \u201cstop receiving\u201d these electronic messages at the bottom of said messages or notify us by sending an email to the following address: info@oassis.com. However, you may continue to receive notices and emails as long as they are necessary and essential for the maintenance of our contractual transactions. In accordance with Law 34\/2002, of July 11, on information society services and electronic commerce. (LSSICE) oassis does not carry out SPAM practices and undertakes not to send commercial communications without properly identifying them. <\/p>\n\n\n<p>Le rogamos tenga en cuenta que aunque decida no suscribirse o se d\u00e9 de baja de las comunicaciones electr\u00f3nicas promocionales o comerciales puede que oassis siga necesitando contactar con usted como Usuario con informaci\u00f3n importante sobre transacciones relativas a su cuenta y a sus compras de productos, reserva de actividades o contrataci\u00f3n de otros servicios.<\/p>\n\n\n\n<h4 class=\"wp-block-heading\">7.\u00a0 Cookies<\/h4>\n\n\n\n<p>Nuestra pol\u00edtica con relaci\u00f3n al uso de cookies se expone en el documento de Pol\u00edtica de cookies.<\/p>\n\n\n\n<h4 class=\"wp-block-heading\">8. Protecci\u00f3n de datos de car\u00e1cter personal<\/h4>\n\n\n\n<p>Nuestra pol\u00edtica con relaci\u00f3n al tratamiento que realizamos de sus datos de car\u00e1cter personal se expone en el documento Pol\u00edtica de Privacidad.<\/p>\n\n\n\n<h4 class=\"wp-block-heading\">9. Exclusi\u00f3n de responsabilidad<\/h4>\n\n\n\n<p>De la informaci\u00f3n: El acceso a la p\u00e1gina web no implica la obligaci\u00f3n por parte de\u00a0oassis de comprobar la veracidad, exactitud, adecuaci\u00f3n, idoneidad, exhaustividad y actualidad de la informaci\u00f3n suministrada a trav\u00e9s del mismo. Los contenidos de esta p\u00e1gina son de car\u00e1cter general y no constituyen, en modo alguno, la prestaci\u00f3n de un servicio de asesoramiento legal o fiscal de ning\u00fan tipo, por lo que dicha informaci\u00f3n resulta insuficiente para la toma de decisiones personales o empresariales por parte del Usuario.\u00a0oassis no se responsabiliza de las decisiones tomadas a partir de la informaci\u00f3n suministrada en la p\u00e1gina web ni de los da\u00f1os y perjuicios producidos en el Usuario o terceros con motivo de actuaciones que tengan como \u00fanico fundamento la informaci\u00f3n obtenida en la p\u00e1gina web.<\/p>\n\n\n\n<p>De la calidad del servicio: El acceso a la p\u00e1gina web no implica la obligaci\u00f3n por parte de\u00a0oassis de controlar la ausencia de virus, gusanos o cualquier otro elemento inform\u00e1tico da\u00f1ino. Corresponde al Usuario, en todo caso, la disponibilidad de herramientas adecuadas para la detecci\u00f3n y desinfecci\u00f3n de programas inform\u00e1ticos da\u00f1inos.\u00a0oassis no se responsabiliza de los da\u00f1os producidos en los equipos inform\u00e1ticos de los Usuarios o de terceros durante la prestaci\u00f3n del servicio de la p\u00e1gina web.<\/p>\n\n\n\n<p>De la disponibilidad del servicio: El acceso a la p\u00e1gina web requiere de servicios y suministros de terceros, incluidos el transporte a trav\u00e9s de redes de telecomunicaciones cuya fiabilidad, calidad, continuidad y funcionamiento no corresponde a\u00a0<strong>oassis <\/strong>. Por consiguiente, los servicios prove\u00eddos a trav\u00e9s de la p\u00e1gina web pueden ser suspendidos, cancelados o resultar inaccesibles, con car\u00e1cter previo o simultaneo a la prestaci\u00f3n del servicio de la p\u00e1gina web.\u00a0oassis no se responsabiliza de los da\u00f1os o perjuicios de cualquier tipo producidos en el Usuario que traigan causa de fallos o desconexiones en las redes de telecomunicaciones que produzcan la suspensi\u00f3n, cancelaci\u00f3n o interrupci\u00f3n del servicio de la p\u00e1gina web durante la prestaci\u00f3n del mismo o con car\u00e1cter previo.<\/p>\n\n\n\n<h4 class=\"wp-block-heading\">10. Legislaci\u00f3n y jurisdicci\u00f3n<\/h4>\n\n\n\n<p>Las presentes condiciones generales se regir\u00e1n por lo aqu\u00ed establecido y en su defecto por lo establecido en las Leyes espa\u00f1olas. Para cualquier controversia que pueda surgir en la interpretaci\u00f3n o ejecuci\u00f3n de las presentes condiciones, el usuario y\u00a0oassis acuerdan someterse expresamente a los Juzgados y Tribunales que pudieran corresponder de conformidad con la legislaci\u00f3n aplicable.<\/p>\n\n<p>&nbsp;<\/p>\t\t\t\t\t\t\t\t<\/div>\n\t\t\t\t<\/div>\n\t\t\t\t\t<\/div>\n\t\t\t\t<\/div>\n\t\t\t\t<\/div>\n\t\t","protected":false},"excerpt":{"rendered":"<p>Legal notice &nbsp; Please read the Terms and Conditions contained in this document carefully, since the use of this website implies the express and full acceptance of the same, in the version published at the time you access each and every one of the web pages located under the domain oassis.com and its respective subdomains [&hellip;]<\/p>\n","protected":false},"author":2,"featured_media":0,"parent":0,"menu_order":0,"comment_status":"closed","ping_status":"closed","template":"","meta":{"_acf_changed":false,"footnotes":""},"class_list":["post-684","page","type-page","status-publish","hentry"],"acf":[],"yoast_head":"<!-- This site is optimized with the Yoast SEO plugin v24.8.1 - https:\/\/yoast.com\/wordpress\/plugins\/seo\/ -->\n<title>Legal notice - Oassis Homes<\/title>\n<meta name=\"robots\" content=\"index, follow, max-snippet:-1, max-image-preview:large, max-video-preview:-1\" \/>\n<link rel=\"canonical\" href=\"https:\/\/oassishomes.com\/en\/legal-notice-2\/\" \/>\n<meta property=\"og:locale\" content=\"en_US\" \/>\n<meta property=\"og:type\" content=\"article\" \/>\n<meta property=\"og:title\" content=\"Legal notice - Oassis Homes\" \/>\n<meta property=\"og:description\" content=\"Legal notice &nbsp; Please read the Terms and Conditions contained in this document carefully, since the use of this website implies the express and full acceptance of the same, in the version published at the time you access each and every one of the web pages located under the domain oassis.com and its respective subdomains [&hellip;]\" \/>\n<meta property=\"og:url\" content=\"https:\/\/oassishomes.com\/en\/legal-notice-2\/\" \/>\n<meta property=\"og:site_name\" content=\"Oassis Homes\" \/>\n<meta property=\"article:modified_time\" content=\"2025-01-23T12:16:45+00:00\" \/>\n<meta name=\"twitter:card\" content=\"summary_large_image\" \/>\n<meta name=\"twitter:label1\" content=\"Est. reading time\" \/>\n\t<meta name=\"twitter:data1\" content=\"9 minutes\" \/>\n<script type=\"application\/ld+json\" class=\"yoast-schema-graph\">{\"@context\":\"https:\/\/schema.org\",\"@graph\":[{\"@type\":\"WebPage\",\"@id\":\"https:\/\/oassishomes.com\/en\/legal-notice-2\/\",\"url\":\"https:\/\/oassishomes.com\/en\/legal-notice-2\/\",\"name\":\"Legal notice - Oassis Homes\",\"isPartOf\":{\"@id\":\"https:\/\/oassishomes.com\/en\/#website\"},\"datePublished\":\"2025-01-23T12:15:40+00:00\",\"dateModified\":\"2025-01-23T12:16:45+00:00\",\"breadcrumb\":{\"@id\":\"https:\/\/oassishomes.com\/en\/legal-notice-2\/#breadcrumb\"},\"inLanguage\":\"en-US\",\"potentialAction\":[{\"@type\":\"ReadAction\",\"target\":[\"https:\/\/oassishomes.com\/en\/legal-notice-2\/\"]}]},{\"@type\":\"BreadcrumbList\",\"@id\":\"https:\/\/oassishomes.com\/en\/legal-notice-2\/#breadcrumb\",\"itemListElement\":[{\"@type\":\"ListItem\",\"position\":1,\"name\":\"Portada\",\"item\":\"https:\/\/oassishomes.com\/en\/\"},{\"@type\":\"ListItem\",\"position\":2,\"name\":\"Legal notice\"}]},{\"@type\":\"WebSite\",\"@id\":\"https:\/\/oassishomes.com\/en\/#website\",\"url\":\"https:\/\/oassishomes.com\/en\/\",\"name\":\"Oassis Homes\",\"description\":\"S\u00f3lo otro sitio de WordPress\",\"publisher\":{\"@id\":\"https:\/\/oassishomes.com\/en\/#organization\"},\"potentialAction\":[{\"@type\":\"SearchAction\",\"target\":{\"@type\":\"EntryPoint\",\"urlTemplate\":\"https:\/\/oassishomes.com\/en\/?s={search_term_string}\"},\"query-input\":{\"@type\":\"PropertyValueSpecification\",\"valueRequired\":true,\"valueName\":\"search_term_string\"}}],\"inLanguage\":\"en-US\"},{\"@type\":\"Organization\",\"@id\":\"https:\/\/oassishomes.com\/en\/#organization\",\"name\":\"Oassis Homes\",\"url\":\"https:\/\/oassishomes.com\/en\/\",\"logo\":{\"@type\":\"ImageObject\",\"inLanguage\":\"en-US\",\"@id\":\"https:\/\/oassishomes.com\/en\/#\/schema\/logo\/image\/\",\"url\":\"https:\/\/oassishomes.com\/wp-content\/uploads\/2025\/01\/oassis_logo-08.png\",\"contentUrl\":\"https:\/\/oassishomes.com\/wp-content\/uploads\/2025\/01\/oassis_logo-08.png\",\"width\":412,\"height\":122,\"caption\":\"Oassis Homes\"},\"image\":{\"@id\":\"https:\/\/oassishomes.com\/en\/#\/schema\/logo\/image\/\"}}]}<\/script>\n<!-- \/ Yoast SEO plugin. -->","yoast_head_json":{"title":"Legal notice - Oassis Homes","robots":{"index":"index","follow":"follow","max-snippet":"max-snippet:-1","max-image-preview":"max-image-preview:large","max-video-preview":"max-video-preview:-1"},"canonical":"https:\/\/oassishomes.com\/en\/legal-notice-2\/","og_locale":"en_US","og_type":"article","og_title":"Legal notice - Oassis Homes","og_description":"Legal notice &nbsp; Please read the Terms and Conditions contained in this document carefully, since the use of this website implies the express and full acceptance of the same, in the version published at the time you access each and every one of the web pages located under the domain oassis.com and its respective subdomains [&hellip;]","og_url":"https:\/\/oassishomes.com\/en\/legal-notice-2\/","og_site_name":"Oassis Homes","article_modified_time":"2025-01-23T12:16:45+00:00","twitter_card":"summary_large_image","twitter_misc":{"Est. reading time":"9 minutes"},"schema":{"@context":"https:\/\/schema.org","@graph":[{"@type":"WebPage","@id":"https:\/\/oassishomes.com\/en\/legal-notice-2\/","url":"https:\/\/oassishomes.com\/en\/legal-notice-2\/","name":"Legal notice - Oassis Homes","isPartOf":{"@id":"https:\/\/oassishomes.com\/en\/#website"},"datePublished":"2025-01-23T12:15:40+00:00","dateModified":"2025-01-23T12:16:45+00:00","breadcrumb":{"@id":"https:\/\/oassishomes.com\/en\/legal-notice-2\/#breadcrumb"},"inLanguage":"en-US","potentialAction":[{"@type":"ReadAction","target":["https:\/\/oassishomes.com\/en\/legal-notice-2\/"]}]},{"@type":"BreadcrumbList","@id":"https:\/\/oassishomes.com\/en\/legal-notice-2\/#breadcrumb","itemListElement":[{"@type":"ListItem","position":1,"name":"Portada","item":"https:\/\/oassishomes.com\/en\/"},{"@type":"ListItem","position":2,"name":"Legal notice"}]},{"@type":"WebSite","@id":"https:\/\/oassishomes.com\/en\/#website","url":"https:\/\/oassishomes.com\/en\/","name":"Oassis Homes","description":"S\u00f3lo otro sitio de WordPress","publisher":{"@id":"https:\/\/oassishomes.com\/en\/#organization"},"potentialAction":[{"@type":"SearchAction","target":{"@type":"EntryPoint","urlTemplate":"https:\/\/oassishomes.com\/en\/?s={search_term_string}"},"query-input":{"@type":"PropertyValueSpecification","valueRequired":true,"valueName":"search_term_string"}}],"inLanguage":"en-US"},{"@type":"Organization","@id":"https:\/\/oassishomes.com\/en\/#organization","name":"Oassis Homes","url":"https:\/\/oassishomes.com\/en\/","logo":{"@type":"ImageObject","inLanguage":"en-US","@id":"https:\/\/oassishomes.com\/en\/#\/schema\/logo\/image\/","url":"https:\/\/oassishomes.com\/wp-content\/uploads\/2025\/01\/oassis_logo-08.png","contentUrl":"https:\/\/oassishomes.com\/wp-content\/uploads\/2025\/01\/oassis_logo-08.png","width":412,"height":122,"caption":"Oassis Homes"},"image":{"@id":"https:\/\/oassishomes.com\/en\/#\/schema\/logo\/image\/"}}]}},"_links":{"self":[{"href":"https:\/\/oassishomes.com\/en\/wp-json\/wp\/v2\/pages\/684","targetHints":{"allow":["GET"]}}],"collection":[{"href":"https:\/\/oassishomes.com\/en\/wp-json\/wp\/v2\/pages"}],"about":[{"href":"https:\/\/oassishomes.com\/en\/wp-json\/wp\/v2\/types\/page"}],"author":[{"embeddable":true,"href":"https:\/\/oassishomes.com\/en\/wp-json\/wp\/v2\/users\/2"}],"replies":[{"embeddable":true,"href":"https:\/\/oassishomes.com\/en\/wp-json\/wp\/v2\/comments?post=684"}],"version-history":[{"count":7,"href":"https:\/\/oassishomes.com\/en\/wp-json\/wp\/v2\/pages\/684\/revisions"}],"predecessor-version":[{"id":699,"href":"https:\/\/oassishomes.com\/en\/wp-json\/wp\/v2\/pages\/684\/revisions\/699"}],"wp:attachment":[{"href":"https:\/\/oassishomes.com\/en\/wp-json\/wp\/v2\/media?parent=684"}],"curies":[{"name":"wp","href":"https:\/\/api.w.org\/{rel}","templated":true}]}}