{"id":683,"date":"2025-01-23T12:13:32","date_gmt":"2025-01-23T12:13:32","guid":{"rendered":"https:\/\/oassishomes.com\/?page_id=683"},"modified":"2025-01-23T12:14:54","modified_gmt":"2025-01-23T12:14:54","slug":"avis-legal","status":"publish","type":"page","link":"https:\/\/oassishomes.com\/ca\/avis-legal\/","title":{"rendered":"Av\u00eds legal"},"content":{"rendered":"\t\t<div data-elementor-type=\"wp-page\" data-elementor-id=\"683\" class=\"elementor elementor-683 elementor-682\" data-elementor-post-type=\"page\">\n\t\t\t\t<div class=\"elementor-element elementor-element-4131b155 e-flex e-con-boxed e-con e-parent\" data-id=\"4131b155\" data-element_type=\"container\">\n\t\t\t\t\t<div class=\"e-con-inner\">\n\t\t\t\t<div class=\"elementor-element elementor-element-6b817ecf elementor-widget elementor-widget-heading\" data-id=\"6b817ecf\" data-element_type=\"widget\" data-widget_type=\"heading.default\">\n\t\t\t\t<div class=\"elementor-widget-container\">\n\t\t\t\t\t<h1 class=\"elementor-heading-title elementor-size-default\">Av\u00eds legal<\/h1>\t\t\t\t<\/div>\n\t\t\t\t<\/div>\n\t\t\t\t<div class=\"elementor-element elementor-element-4c922de elementor-widget elementor-widget-text-editor\" data-id=\"4c922de\" data-element_type=\"widget\" data-widget_type=\"text-editor.default\">\n\t\t\t\t<div class=\"elementor-widget-container\">\n\t\t\t\t\t\t\t\t\t<p>&nbsp;<\/p>\n\n<p>Llegeix detingudament els Termes i Condicions que consten en aquest document, ja que l&#8217;\u00fas d&#8217;aquest lloc web implica l&#8217;expressa i plena acceptaci\u00f3 dels mateixos, en la versi\u00f3 publicada en el moment en qu\u00e8 accedeixes a totes i cadascuna de les p\u00e0gines web localitzables sota el domini oassis.com i els seus respectius subdominis i subdirectoris. Us recomanem que llegiu atentament aquest document cada vegada que accediu al lloc web per comprovar si hi ha hagut canvis en les condicions d&#8217;\u00fas i l&#8217;abandoneu si no esteu d&#8217;acord amb aquests canvis. Si creiem que certes modificacions s\u00f3n importants, actualitzarem la data de darrera modificaci\u00f3 a la part superior d&#8217;aquesta p\u00e0gina. Vost\u00e8 ser\u00e0 el responsable de revisar i familiaritzar-se amb qualsevol modificaci\u00f3 feta.<\/p>\n\n\n\n<h4 class=\"wp-block-heading\">1.Identificaci\u00f3<\/h4>\n\n\n\n<p>En compliment amb el deure informaci\u00f3 recollit a l&#8217;article 10 de la Llei 34\/2002, d&#8217;11 de juliol, de Serveis de la Societat de la Informaci\u00f3 i de Comer\u00e7 Electr\u00f2nic amb la legislaci\u00f3 vigent en mat\u00e8ria de protecci\u00f3 de dades, a concret, la Llei org\u00e0nica 3\/2018, del 5 de desembre, de protecci\u00f3 de dades personals i garantia dels drets digitals (LOPDDGG) que fa plenament efectiva l&#8217;aplicaci\u00f3 del Reglament (UE) 2016\/679 del Parlament Europeu i del Consell de 27 d&#8217;abril de 2016 relatiu a la protecci\u00f3 de les persones f\u00edsiques pel que fa al tractament de dades personals ia la lliure circulaci\u00f3 d&#8217;aquestes dades (RGPD).<\/p>\n\n\n\n<p><strong>Titular de la p\u00e0gina web:<\/strong>\u00a0Proddigia Capital, S.L. (d&#8217;ara endavant oassis)<br \/><strong>Nom Comercial:<\/strong> oassis<br \/><strong>CIF:<\/strong>\u00a0B65512626<br \/><strong>Inscrita en el Registre Mercantil<\/strong> , Tom 42426, Foli 198, Full B 407721, Inscripci\u00f3 1<\/p>\n\n\n\n<h4 class=\"wp-block-heading\">2. Comunicaci\u00f3<\/h4>\n\n\n\n<p>Per\u00a0<a href=\"https:\/\/proddigia.com\/wp-content\/uploads\/2021\/07\/Contacto.jpg\">contactar<\/a>\u00a0amb nosaltres per a qualsevol q\u00fcesti\u00f3 que faci refer\u00e8ncia al contingut d&#8217;aquest Av\u00eds Legal, posem a la vostra disposici\u00f3 diferents mitjans de contacte que detallem a continuaci\u00f3:<\/p>\n\n\n\n<p><strong>Tel\u00e8fon:<\/strong>\u00a093 238 7826<br \/><strong>Correu electr\u00f2nic:<\/strong>\u00a0info@oassis.com<br \/><strong>Domicili Social:<\/strong> Avinguda Diagonal 361, 4t 1a, 080037, Barcelona<br \/><strong>P\u00e0gina Web:<\/strong>\u00a0www.oassis.com<\/p>\n\n\n\n<p>Totes les notificacions i comunicacions facilitades en aquest apartat es consideraran eficaces, amb car\u00e0cter general, quan es realitzin a trav\u00e9s de qualsevol mitj\u00e0 dels detallats anteriorment.<\/p>\n\n\n\n<p>Pel fet d&#8217;accedir, veure o utilitzar els materials o serveis accessibles a trav\u00e9s d&#8217;aquest lloc web o als continguts accessibles o altres p\u00e0gines web o aplicacions inform\u00e0tiques, l&#8217;usuari posa de manifest que compr\u00e8n i accepta aquest document com a equivalent legal d&#8217;un document signat per escrit i vinculant<\/p>\n\n\n\n<h4 class=\"wp-block-heading\">3. Navegaci\u00f3<\/h4>\n\n\n\n<p>La nostra p\u00e0gina web compta amb recursos t\u00e8cnics raonables per proporcionar una navegaci\u00f3 segura i protegir tota la informaci\u00f3 recollida. Tot i aix\u00f2, ha de tenir en compte que, si b\u00e9 apliquem i implementem les mesures per protegir la seva informaci\u00f3, cap p\u00e0gina web, transmissi\u00f3 per Internet, sistema inform\u00e0tic o connexi\u00f3 sense fils \u00e9s absolutament segura. oassis no es responsabilitzar\u00e0 en casos d&#8217;interrupci\u00f3 del servei, mal funcionament o qualsevol inconvenient del que vingui a passar per causes alienes a nosaltres. Aix\u00ed mateix, ens excloem de qualsevol responsabilitat per danys o perjudicis derivats de pres\u00e8ncia de virus o qualsevol tipus d&#8217;incident originat o introdu\u00eft al sistema inform\u00e0tic per mitj\u00e0 de hackers o de tercers que accedeixin de manera dolosa a integritat a la nostra p\u00e0gina web.<\/p> >\n\n\n\n<p><strong>Enlla\u00e7os a altres p\u00e0gines web:<\/strong> Per a la vostra comoditat, aquesta p\u00e0gina web cont\u00e9 enlla\u00e7os amb altres p\u00e0gines que poden tenir pol\u00edtiques de privadesa diferents. En aquests casos, oassis actua com a prestador de serveis d&#8217;intermediaci\u00f3 de conformitat amb l&#8217;article 17 de la Llei 34\/2002, de 12 de juliol, de serveis de la Societat de la Informaci\u00f3 i el Comer\u00e7 Electr\u00f2nic (&#8216;LSSI&#8217;) i nom\u00e9s ser\u00e0 responsable dels continguts i serveis subministrats a les webs enlla\u00e7ades en la mesura que tingui coneixement efectiu de la il\u00b7licitud i no hagi desactivat l&#8217;enlla\u00e7 amb la dilig\u00e8ncia deguda. En cas que l&#8217;Usuari consideri que hi ha una web enlla\u00e7ada amb continguts il\u00b7l\u00edcits o inadequats, ho podr\u00e0 comunicar a <strong>oassis<\/strong> , sense que en cap cas aquesta comunicaci\u00f3 comporti l&#8217;obligaci\u00f3 de retirar el corresponent enlla\u00e7.<\/p>\n\n\n\n<p>En cap cas, lexist\u00e8ncia de webs enlla\u00e7ades ha de pressuposar lexist\u00e8ncia dacords amb els responsables o titulars dels mateixos, ni la recomanaci\u00f3, promoci\u00f3 o identificaci\u00f3 deoassis amb les manifestacions, continguts o serveis prove\u00efdes.<\/p>\n\n\n\n<p>oassis no coneix els continguts i serveis de les webs enlla\u00e7ades i per tant no es fa responsable dels danys produ\u00efts per la il\u00b7licitud, qualitat, desactualitzaci\u00f3, indisponibilitat, error i inutilitat dels continguts i\/o serveis de les webs enlla\u00e7ades ni per qualsevol altre dany que no sigui directament imputable a\u00a0<strong>oassis<\/strong> .<\/p>\n\n\n\n<p>Recomanem examinar els seus respectius termes i condicions legals. En cap concepte s&#8217;intercanviaran dades de car\u00e0cter personal amb qualsevol p\u00e0gina externa. Tampoc no ens fem responsables ni del contingut, ni de qualsevol altre aspecte relacionat amb p\u00e0gines web pertanyents o dirigides per tercers. Aix\u00ed mateix us informem que no podem exercir cap control sobre el seu manteniment i contingut, per tant, no podem garantir que els hiperenlla\u00e7os, punters o altres funcions d&#8217;enlla\u00e7 disposades en aquests llocs, siguin correctes en el moment del seu acc\u00e9s i que estiguin lliures de virus o altres elements lesius que poguessin causar danys o alteracions al seu equip inform\u00e0tic.<\/p>\n\n\n\n<p><strong>Obligacions de l&#8217;usuari:<\/strong>\u00a0L&#8217;Usuari s&#8217;obliga a fer un \u00fas correcte de la p\u00e0gina web de conformitat amb la Llei i aquest Av\u00eds Legal. L&#8217;Usuari respondr\u00e0 davant oassis o davant tercers de qualssevol danys i perjudicis que poguessin causar-se com a conseq\u00fc\u00e8ncia de l&#8217;incompliment d&#8217;aquesta obligaci\u00f3.<\/p>\n\n\n\n<p>Queda expressament prohibit l&#8217;\u00fas de la p\u00e0gina web amb fins lesius de b\u00e9ns o interessos de oassis o de tercers o que de qualsevol altra forma sobrecarreguin, danyin o inutilitzin les xarxes, servidors i altres equips inform\u00e0tics (hardware) o productes i aplicacions inform\u00e0tiques (programari) de oassis o de tercers.<\/p>\n\n\n\n<h4 class=\"wp-block-heading\">4. Formularis de recollida de dades<\/h4>\n\n\n\n<p>Sense perjudici del que disposa la nostra Pol\u00edtica de Privadesa accessible des de la nostra p\u00e0gina web, la utilitzaci\u00f3 de certs serveis o sol\u00b7licituds dirigides a oassis estan condicionades a l&#8217;emplenament previ del corresponent registre d&#8217;Usuari.<\/p>\n\n\n\n<p>Tota la informaci\u00f3 que faciliti l&#8217;Usuari a trav\u00e9s dels formularis de la nostra p\u00e0gina web als efectes anteriors o qualsevol altre haur\u00e0 de ser vera\u00e7. A aquests efectes, l&#8217;usuari garanteix l&#8217;autenticitat de totes aquelles dades que comuniqui i mantindr\u00e0 la informaci\u00f3 facilitada a oassis perfectament actualitzada de manera que respongui, en tot moment, a la situaci\u00f3 real de l&#8217;usuari. En tot cas, ser\u00e0 l&#8217;Usuari l&#8217;\u00fanic responsable de les manifestacions falses o inexactes que realitzi i dels perjudicis que causi oassis o tercers per la informaci\u00f3 que faciliti.<\/p>\n\n\n\n<h4 class=\"wp-block-heading\">5. Propietat intel\u00b7lectual<\/h4>\n\n\n\n<p>La totalitat d&#8217;aquest lloc web (descripci\u00f3 de productes, text, imatges, marques, logotips, botons, arxius, colors, aix\u00ed com l&#8217;estructura, selecci\u00f3, ordenaci\u00f3 i presentaci\u00f3 dels seus continguts) s\u00f3n propietat de oassis o de tercers que han llicenciat o autoritzat a nosaltres per al seu \u00fas. Tots els logotips, marques i dissenys que apareixen en aquesta p\u00e0gina web formen part dels drets de propietat intel\u00b7lectual registrats per nosaltres, quedant prohibida qualsevol modalitat d&#8217;explotaci\u00f3, \u00e9s a dir, la reproducci\u00f3, distribuci\u00f3, comunicaci\u00f3 p\u00fablica i transformaci\u00f3 sense l&#8217;autoritzaci\u00f3 expressa. L&#8217;usuari s&#8217;obliga a utilitzar els continguts de forma diligent, correcta i l\u00edcita i, en particular, es compromet a abstenir-se de suprimir o manipular el copyright i altres dades identificatives dels drets de oassis o dels seus titulars incorporats als continguts, aix\u00ed com els dispositius t\u00e8cnics de protecci\u00f3 o qualsevol mecanisme d&#8217;informaci\u00f3 que poguessin incloure&#8217;s en els continguts. Aix\u00ed mateix, l&#8217;usuari s&#8217;abstindr\u00e0 de fer servir els continguts i, en particular, la informaci\u00f3 de qualsevol classe obtinguda a trav\u00e9s del lloc per remetre publicitat, comunicacions amb finalitats comercials, missatges no sol\u00b7licitats dirigits a una pluralitat de persones amb independ\u00e8ncia de la seva finalitat, aix\u00ed com a abstenir-se de comercialitzar o divulgar de qualsevol manera aquesta informaci\u00f3. Aix\u00ed mateix, oassis podr\u00e0 establir, si ho considera oport\u00fa, sense perjudici de l&#8217;\u00fanica i exclusiva responsabilitat dels Usuaris, els filtres necessaris a fi d&#8217;evitar que a trav\u00e9s de les seves p\u00e0gines Web puguin abocar-se a la xarxa continguts o opinions, considerats com a racistes, xen\u00f2fobs, discriminatoris, pornogr\u00e0fics, difamatoris o que, de qualsevol manera, fomentin la viol\u00e8ncia o la disseminaci\u00f3 de continguts clarament il\u00b7l\u00edcits o nocius. oassis.com \u00e9s un domini registrat per oassis i no pot ser utilitzat, excepte autoritzaci\u00f3 expressa pr\u00e8via.<\/p>\n\n\n\n<h4 class=\"wp-block-heading\">6.Comunicacions comercials<\/h4>\n\n\n\n<p>Comunicacions comercials. Sempre que comptem amb el vostre consentiment expr\u00e9s (que s&#8217;obtindr\u00e0 mitjan\u00e7ant una casella exclusiva present als nostres formularis), podrem utilitzar les vostres dades personals per posar-nos en contacte amb vost\u00e8 en el futur per a la realitzaci\u00f3 d&#8217;accions comercials que puguin ser del vostre inter\u00e8s, sempre relacionades amb els productes i\/o serveis que ofereix<strong>oassis<\/strong>. En qualsevol cas, vost\u00e8 sempre tindr\u00e0 disponible l&#8217;opci\u00f3 \u201cdeixar de rebre\u201d aquests missatges electr\u00f2nics a la part inferior d&#8217;aquests missatges o notificar-ho a nosaltres enviant un correu electr\u00f2nic a l&#8217;adre\u00e7a seg\u00fcent: info@oassis.com. No obstant aix\u00f2, podreu continuar rebent avisos i correus electr\u00f2nics sempre que siguin necessaris i essencials per al manteniment de les nostres transaccions contractuals. Dacord amb la Llei 34\/2002, de 11 de juliol, de serveis de la societat de la informaci\u00f3 i de comer\u00e7 electr\u00f2nic. (LSSICE)\u00a0oassis no realitza pr\u00e0ctiques de SPAM i es compromet a no enviar comunicacions de car\u00e0cter comercial sense identificar-les degudament.<\/p>\n\n\n\n<p>Li preguem tingui en compte que encara que decideixi no subscriure&#8217;s o es doni de baixa de les comunicacions electr\u00f2niques promocionals o comercials pot ser que oassis segueixi necessitant contactar amb vost\u00e8 com a Usuari amb informaci\u00f3 important sobre transaccions relatives al seu compte i les seves compres de productes, reserva d&#8217;activitats o contractaci\u00f3 d&#8217;altres serveis.<\/p>\n\n\n\n<h4 class=\"wp-block-heading\">7.Cookies<\/h4>\n\n\n\n<p>La nostra pol\u00edtica amb relaci\u00f3 a l&#8217;\u00fas de cookies s&#8217;exposa al document de Pol\u00edtica de cookies.<\/p>\n\n\n\n<h4 class=\"wp-block-heading\">8. Protecci\u00f3 de dades de car\u00e0cter personal<\/h4>\n\n\n\n<p>La nostra pol\u00edtica amb relaci\u00f3 al tractament que realitzem de les vostres dades de car\u00e0cter personal s&#8217;exposa al document Pol\u00edtica de Privadesa.<\/p>\n\n\n\n<h4 class=\"wp-block-heading\">9. Exclusi\u00f3 de responsabilitat<\/h4>\n\n\n\n<p>De la informaci\u00f3: L&#8217;acc\u00e9s a la p\u00e0gina web no implica l&#8217;obligaci\u00f3 per part de oassis de comprovar la veracitat, exactitud, adequaci\u00f3, idone\u00eftat, exhaustivitat i actualitat de la informaci\u00f3 subministrada a trav\u00e9s del mateix. Els continguts d&#8217;aquesta p\u00e0gina s\u00f3n de car\u00e0cter general i no constitueixen, de cap manera, la prestaci\u00f3 d&#8217;un servei d&#8217;assessorament legal o fiscal de cap tipus, per la qual cosa aquesta informaci\u00f3 resulta insuficient per a la presa de decisions personals o empresarials per part de l&#8217;usuari .oassis no es responsabilitza de les decisions preses a partir de la informaci\u00f3 subministrada a la p\u00e0gina web ni dels danys i perjudicis produ\u00efts a l&#8217;Usuari o tercers amb motiu d&#8217;actuacions que tinguin com a \u00fanic fonament la informaci\u00f3 obtinguda a la p\u00e0gina web.<\/p> >\n\n\n\n<p>De la qualitat del servei: L&#8217;acc\u00e9s a la p\u00e0gina web no implica l&#8217;obligaci\u00f3 per part de oassis de controlar l&#8217;abs\u00e8ncia de virus, cucs o qualsevol altre element inform\u00e0tic nociu. Correspon a l&#8217;Usuari, en tot cas, la disponibilitat d&#8217;eines adequades per a la detecci\u00f3 i desinfecci\u00f3 de programes inform\u00e0tics nocius. oassis no es responsabilitza dels danys produ\u00efts als equips inform\u00e0tics dels Usuaris o de tercers durant la prestaci\u00f3 del servei de la p\u00e0gina web.<\/p>\n\n\n\n<p>De la disponibilidad del servicio: El acceso a la p\u00e1gina web requiere de servicios y suministros de terceros, incluidos el transporte a trav\u00e9s de redes de telecomunicaciones cuya fiabilidad, calidad, continuidad y funcionamiento no corresponde a\u00a0<strong>oassis <\/strong>. Por consiguiente, los servicios prove\u00eddos a trav\u00e9s de la p\u00e1gina web pueden ser suspendidos, cancelados o resultar inaccesibles, con car\u00e1cter previo o simultaneo a la prestaci\u00f3n del servicio de la p\u00e1gina web.\u00a0oassis no se responsabiliza de los da\u00f1os o perjuicios de cualquier tipo producidos en el Usuario que traigan causa de fallos o desconexiones en las redes de telecomunicaciones que produzcan la suspensi\u00f3n, cancelaci\u00f3n o interrupci\u00f3n del servicio de la p\u00e1gina web durante la prestaci\u00f3n del mismo o con car\u00e1cter previo.<\/p>\n\n\n\n<h4 class=\"wp-block-heading\">10. Legislaci\u00f3n y jurisdicci\u00f3n<\/h4>\n\n\n\n<p>Las presentes condiciones generales se regir\u00e1n por lo aqu\u00ed establecido y en su defecto por lo establecido en las Leyes espa\u00f1olas. Para cualquier controversia que pueda surgir en la interpretaci\u00f3n o ejecuci\u00f3n de las presentes condiciones, el usuario y\u00a0oassis acuerdan someterse expresamente a los Juzgados y Tribunales que pudieran corresponder de conformidad con la legislaci\u00f3n aplicable.<\/p>\n\n<p>&nbsp;<\/p>\t\t\t\t\t\t\t\t<\/div>\n\t\t\t\t<\/div>\n\t\t\t\t\t<\/div>\n\t\t\t\t<\/div>\n\t\t\t\t<\/div>\n\t\t","protected":false},"excerpt":{"rendered":"<p>Av\u00eds legal &nbsp; Llegeix detingudament els Termes i Condicions que consten en aquest document, ja que l&#8217;\u00fas d&#8217;aquest lloc web implica l&#8217;expressa i plena acceptaci\u00f3 dels mateixos, en la versi\u00f3 publicada en el moment en qu\u00e8 accedeixes a totes i cadascuna de les p\u00e0gines web localitzables sota el domini oassis.com i els seus respectius subdominis [&hellip;]<\/p>\n","protected":false},"author":2,"featured_media":0,"parent":0,"menu_order":0,"comment_status":"closed","ping_status":"closed","template":"","meta":{"_acf_changed":false,"footnotes":""},"class_list":["post-683","page","type-page","status-publish","hentry"],"acf":[],"yoast_head":"<!-- This site is optimized with the Yoast SEO plugin v24.8.1 - https:\/\/yoast.com\/wordpress\/plugins\/seo\/ -->\n<title>Av\u00eds legal - Oassis Homes<\/title>\n<meta name=\"robots\" content=\"index, follow, max-snippet:-1, max-image-preview:large, max-video-preview:-1\" \/>\n<link rel=\"canonical\" href=\"https:\/\/oassishomes.com\/ca\/avis-legal\/\" \/>\n<meta property=\"og:locale\" content=\"ca_ES\" \/>\n<meta property=\"og:type\" content=\"article\" \/>\n<meta property=\"og:title\" content=\"Av\u00eds legal - Oassis Homes\" \/>\n<meta property=\"og:description\" content=\"Av\u00eds legal &nbsp; Llegeix detingudament els Termes i Condicions que consten en aquest document, ja que l&#8217;\u00fas d&#8217;aquest lloc web implica l&#8217;expressa i plena acceptaci\u00f3 dels mateixos, en la versi\u00f3 publicada en el moment en qu\u00e8 accedeixes a totes i cadascuna de les p\u00e0gines web localitzables sota el domini oassis.com i els seus respectius subdominis [&hellip;]\" \/>\n<meta property=\"og:url\" content=\"https:\/\/oassishomes.com\/ca\/avis-legal\/\" \/>\n<meta property=\"og:site_name\" content=\"Oassis Homes\" \/>\n<meta property=\"article:modified_time\" content=\"2025-01-23T12:14:54+00:00\" \/>\n<meta name=\"twitter:card\" content=\"summary_large_image\" \/>\n<meta name=\"twitter:label1\" content=\"Temps estimat de lectura\" \/>\n\t<meta name=\"twitter:data1\" content=\"11 minuts\" \/>\n<script type=\"application\/ld+json\" class=\"yoast-schema-graph\">{\"@context\":\"https:\/\/schema.org\",\"@graph\":[{\"@type\":\"WebPage\",\"@id\":\"https:\/\/oassishomes.com\/ca\/avis-legal\/\",\"url\":\"https:\/\/oassishomes.com\/ca\/avis-legal\/\",\"name\":\"Av\u00eds legal - Oassis Homes\",\"isPartOf\":{\"@id\":\"https:\/\/oassishomes.com\/ca\/#website\"},\"datePublished\":\"2025-01-23T12:13:32+00:00\",\"dateModified\":\"2025-01-23T12:14:54+00:00\",\"breadcrumb\":{\"@id\":\"https:\/\/oassishomes.com\/ca\/avis-legal\/#breadcrumb\"},\"inLanguage\":\"ca\",\"potentialAction\":[{\"@type\":\"ReadAction\",\"target\":[\"https:\/\/oassishomes.com\/ca\/avis-legal\/\"]}]},{\"@type\":\"BreadcrumbList\",\"@id\":\"https:\/\/oassishomes.com\/ca\/avis-legal\/#breadcrumb\",\"itemListElement\":[{\"@type\":\"ListItem\",\"position\":1,\"name\":\"Portada\",\"item\":\"https:\/\/oassishomes.com\/ca\/\"},{\"@type\":\"ListItem\",\"position\":2,\"name\":\"Av\u00eds legal\"}]},{\"@type\":\"WebSite\",\"@id\":\"https:\/\/oassishomes.com\/ca\/#website\",\"url\":\"https:\/\/oassishomes.com\/ca\/\",\"name\":\"Oassis Homes\",\"description\":\"Nom\u00e9s un altre lloc de Wordpress\",\"publisher\":{\"@id\":\"https:\/\/oassishomes.com\/ca\/#organization\"},\"potentialAction\":[{\"@type\":\"SearchAction\",\"target\":{\"@type\":\"EntryPoint\",\"urlTemplate\":\"https:\/\/oassishomes.com\/ca\/?s={search_term_string}\"},\"query-input\":{\"@type\":\"PropertyValueSpecification\",\"valueRequired\":true,\"valueName\":\"search_term_string\"}}],\"inLanguage\":\"ca\"},{\"@type\":\"Organization\",\"@id\":\"https:\/\/oassishomes.com\/ca\/#organization\",\"name\":\"Oassis Homes\",\"url\":\"https:\/\/oassishomes.com\/ca\/\",\"logo\":{\"@type\":\"ImageObject\",\"inLanguage\":\"ca\",\"@id\":\"https:\/\/oassishomes.com\/ca\/#\/schema\/logo\/image\/\",\"url\":\"https:\/\/oassishomes.com\/wp-content\/uploads\/2025\/01\/oassis_logo-08.png\",\"contentUrl\":\"https:\/\/oassishomes.com\/wp-content\/uploads\/2025\/01\/oassis_logo-08.png\",\"width\":412,\"height\":122,\"caption\":\"Oassis Homes\"},\"image\":{\"@id\":\"https:\/\/oassishomes.com\/ca\/#\/schema\/logo\/image\/\"}}]}<\/script>\n<!-- \/ Yoast SEO plugin. -->","yoast_head_json":{"title":"Av\u00eds legal - Oassis Homes","robots":{"index":"index","follow":"follow","max-snippet":"max-snippet:-1","max-image-preview":"max-image-preview:large","max-video-preview":"max-video-preview:-1"},"canonical":"https:\/\/oassishomes.com\/ca\/avis-legal\/","og_locale":"ca_ES","og_type":"article","og_title":"Av\u00eds legal - Oassis Homes","og_description":"Av\u00eds legal &nbsp; Llegeix detingudament els Termes i Condicions que consten en aquest document, ja que l&#8217;\u00fas d&#8217;aquest lloc web implica l&#8217;expressa i plena acceptaci\u00f3 dels mateixos, en la versi\u00f3 publicada en el moment en qu\u00e8 accedeixes a totes i cadascuna de les p\u00e0gines web localitzables sota el domini oassis.com i els seus respectius subdominis [&hellip;]","og_url":"https:\/\/oassishomes.com\/ca\/avis-legal\/","og_site_name":"Oassis Homes","article_modified_time":"2025-01-23T12:14:54+00:00","twitter_card":"summary_large_image","twitter_misc":{"Temps estimat de lectura":"11 minuts"},"schema":{"@context":"https:\/\/schema.org","@graph":[{"@type":"WebPage","@id":"https:\/\/oassishomes.com\/ca\/avis-legal\/","url":"https:\/\/oassishomes.com\/ca\/avis-legal\/","name":"Av\u00eds legal - Oassis Homes","isPartOf":{"@id":"https:\/\/oassishomes.com\/ca\/#website"},"datePublished":"2025-01-23T12:13:32+00:00","dateModified":"2025-01-23T12:14:54+00:00","breadcrumb":{"@id":"https:\/\/oassishomes.com\/ca\/avis-legal\/#breadcrumb"},"inLanguage":"ca","potentialAction":[{"@type":"ReadAction","target":["https:\/\/oassishomes.com\/ca\/avis-legal\/"]}]},{"@type":"BreadcrumbList","@id":"https:\/\/oassishomes.com\/ca\/avis-legal\/#breadcrumb","itemListElement":[{"@type":"ListItem","position":1,"name":"Portada","item":"https:\/\/oassishomes.com\/ca\/"},{"@type":"ListItem","position":2,"name":"Av\u00eds legal"}]},{"@type":"WebSite","@id":"https:\/\/oassishomes.com\/ca\/#website","url":"https:\/\/oassishomes.com\/ca\/","name":"Oassis Homes","description":"Nom\u00e9s un altre lloc de Wordpress","publisher":{"@id":"https:\/\/oassishomes.com\/ca\/#organization"},"potentialAction":[{"@type":"SearchAction","target":{"@type":"EntryPoint","urlTemplate":"https:\/\/oassishomes.com\/ca\/?s={search_term_string}"},"query-input":{"@type":"PropertyValueSpecification","valueRequired":true,"valueName":"search_term_string"}}],"inLanguage":"ca"},{"@type":"Organization","@id":"https:\/\/oassishomes.com\/ca\/#organization","name":"Oassis Homes","url":"https:\/\/oassishomes.com\/ca\/","logo":{"@type":"ImageObject","inLanguage":"ca","@id":"https:\/\/oassishomes.com\/ca\/#\/schema\/logo\/image\/","url":"https:\/\/oassishomes.com\/wp-content\/uploads\/2025\/01\/oassis_logo-08.png","contentUrl":"https:\/\/oassishomes.com\/wp-content\/uploads\/2025\/01\/oassis_logo-08.png","width":412,"height":122,"caption":"Oassis Homes"},"image":{"@id":"https:\/\/oassishomes.com\/ca\/#\/schema\/logo\/image\/"}}]}},"_links":{"self":[{"href":"https:\/\/oassishomes.com\/ca\/wp-json\/wp\/v2\/pages\/683","targetHints":{"allow":["GET"]}}],"collection":[{"href":"https:\/\/oassishomes.com\/ca\/wp-json\/wp\/v2\/pages"}],"about":[{"href":"https:\/\/oassishomes.com\/ca\/wp-json\/wp\/v2\/types\/page"}],"author":[{"embeddable":true,"href":"https:\/\/oassishomes.com\/ca\/wp-json\/wp\/v2\/users\/2"}],"replies":[{"embeddable":true,"href":"https:\/\/oassishomes.com\/ca\/wp-json\/wp\/v2\/comments?post=683"}],"version-history":[{"count":7,"href":"https:\/\/oassishomes.com\/ca\/wp-json\/wp\/v2\/pages\/683\/revisions"}],"predecessor-version":[{"id":692,"href":"https:\/\/oassishomes.com\/ca\/wp-json\/wp\/v2\/pages\/683\/revisions\/692"}],"wp:attachment":[{"href":"https:\/\/oassishomes.com\/ca\/wp-json\/wp\/v2\/media?parent=683"}],"curies":[{"name":"wp","href":"https:\/\/api.w.org\/{rel}","templated":true}]}}