{"id":638,"date":"2025-01-23T11:10:11","date_gmt":"2025-01-23T11:10:11","guid":{"rendered":"https:\/\/oassishomes.com\/?page_id=638"},"modified":"2025-01-23T11:11:32","modified_gmt":"2025-01-23T11:11:32","slug":"politica-de-cookies-2","status":"publish","type":"page","link":"https:\/\/oassishomes.com\/ca\/politica-de-cookies-2\/","title":{"rendered":"Pol\u00edtica de cookies"},"content":{"rendered":"\t\t<div data-elementor-type=\"wp-page\" data-elementor-id=\"638\" class=\"elementor elementor-638 elementor-636\" data-elementor-post-type=\"page\">\n\t\t\t\t<div class=\"elementor-element elementor-element-646363c2 e-flex e-con-boxed e-con e-parent\" data-id=\"646363c2\" data-element_type=\"container\">\n\t\t\t\t\t<div class=\"e-con-inner\">\n\t\t\t\t<div class=\"elementor-element elementor-element-46e3e44c elementor-widget elementor-widget-heading\" data-id=\"46e3e44c\" data-element_type=\"widget\" data-widget_type=\"heading.default\">\n\t\t\t\t<div class=\"elementor-widget-container\">\n\t\t\t\t\t<h1 class=\"elementor-heading-title elementor-size-default\">Pol\u00edtica de cookies<\/h1>\t\t\t\t<\/div>\n\t\t\t\t<\/div>\n\t\t\t\t<div class=\"elementor-element elementor-element-11d6cd9a elementor-widget elementor-widget-text-editor\" data-id=\"11d6cd9a\" data-element_type=\"widget\" data-widget_type=\"text-editor.default\">\n\t\t\t\t<div class=\"elementor-widget-container\">\n\t\t\t\t\t\t\t\t\t<p>&nbsp;<\/p>\n\n<p><strong>Article 22.2 de la Llei 34\/2002.<\/strong>\u00a0\u201cEls prestadors de serveis podran utilitzar dispositius d&#8217;emmagatzematge i recuperaci\u00f3 de dades en equips terminals dels destinataris, a condici\u00f3 que aquests hagin donat el seu consentiment despr\u00e9s que se&#8217;ls hagi facilitat informaci\u00f3 clara i completa sobre la seva utilitzaci\u00f3, en particular, sobre les finalitats del tractament de les dades, d&#8217;acord amb el que disposa la normativa vigent de protecci\u00f3 de dades de car\u00e0cter personal. Quan sigui t\u00e8cnicament possible i efica\u00e7, el consentiment del destinatari per acceptar el tractament de les dades es pot facilitar mitjan\u00e7ant l&#8217;\u00fas dels par\u00e0metres adequats del navegador o d&#8217;altres aplicacions. Aix\u00f2 no impedir\u00e0 el possible emmagatzematge o acc\u00e9s d&#8217;\u00edndole t\u00e8cnica per tal d&#8217;efectuar la transmissi\u00f3 d&#8217;una comunicaci\u00f3 per una xarxa de comunicacions electr\u00f2niques o, en la mesura que sigui estrictament necessari, per a la prestaci\u00f3 d&#8217;un servei de la societat de la informaci\u00f3 expressament sol\u00b7licitat pel destinatari\u201d.<\/p>\n\n\n\n<p>Com a titular d&#8217;aquesta web, tractem de complir amb el m\u00e0xim rigor l&#8217;article 22.2 el de la Llei 34\/2002 de Serveis de la Societat de la Informaci\u00f3 i Comer\u00e7 Electr\u00f2nic referent a les cookies, tot i aix\u00f2, tenint en compte la forma en qu\u00e8 funciona Internet i els llocs web, no sempre \u00e9s possible comptar amb informaci\u00f3 actualitzada de les galetes que terceres parts puguin utilitzar a trav\u00e9s d&#8217;aquest lloc web.<\/p>\n\n\n\n<p>Aix\u00f2 s&#8217;aplica especialment a casos en qu\u00e8 aquesta p\u00e0gina web cont\u00e9 elements integrats: \u00e9s a dir, textos, documents, imatges o pel\u00b7l\u00edcules breus que s&#8217;emmagatzemen en una altra part, per\u00f2 es mostren al nostre lloc web.<\/p>\n\n\n\n<p>Per tant, en cas que et trobis amb aquest tipus de cookies en aquest lloc web i no estiguin enumerades a la llista seg\u00fcent, et prego que ens ho comuniquis. Tamb\u00e9 pots posar-te en contacte directament amb el tercer per demanar-li informaci\u00f3 sobre les galetes que col\u00b7loca, la finalitat i la durada de la galeta, i com ha garantit la seva privadesa.<\/p>\n\n\n\n<h4 class=\"wp-block-heading\">Qu\u00e8 s\u00f3n les galetes?<\/h4>\n\n\n\n<p>Les galetes s\u00f3n una eina emprada pels servidors web per emmagatzemar i recuperar informaci\u00f3 sobre els seus visitants. Una galeta \u00e9s un petit fitxer de text que alguns servidors demanen al nostre navegador que escrigui al nostre disc dur, amb informaci\u00f3 sobre el que hem estat fent per les seves p\u00e0gines. Tenen data de caducitat, que pot oscil\u00b7lar des del temps que duri la sessi\u00f3 fins a una data futura especificada, a partir de la qual deixen de ser operativa.<\/p>\n\n\n\n<h4 class=\"wp-block-heading\">\u00a01. Les galetes que utilitza aquesta web<\/h4>\n\n\n\n<p>En aquesta web s&#8217;utilitzen cookies pr\u00f2pies i de tercers per aconseguir que tinguis una millor experi\u00e8ncia de navegaci\u00f3, puguis compartir contingut a xarxes socials, per mostrar-te anuncis en funci\u00f3 dels teus interessos i per obtenir estad\u00edstiques d&#8217;usuaris.<\/p>\n\n\n\n<p>Les cookies emprades en aquesta p\u00e0gina web s&#8217;associen \u00fanicament amb un Usuari an\u00f2nim i el vostre ordinador, no proporcionen refer\u00e8ncies que permetin deduir el nom i cognoms de l&#8217;Usuari i no poden llegir dades del vostre disc dur ni incloure virus en els seus textos. La nostra p\u00e0gina web tampoc no pot llegir les cookies implantades al disc dur de l&#8217;Usuari des d&#8217;altres servidors.<\/p>\n\n\n\n<p>L&#8217;usuari pot decidir lliurement sobre la implantaci\u00f3 o no al seu disc dur de les cookies emprades a la nostra p\u00e0gina web. En aquest sentit, l&#8217;usuari pot configurar el seu navegador per acceptar o rebutjar per defecte totes les cookies o per rebre un av\u00eds en pantalla de la recepci\u00f3 de cada galeta i decidir en aquell moment la seva implantaci\u00f3 o no al disc dur. Per aix\u00f2 us suggereixo consultar la secci\u00f3 d&#8217;ajuda del vostre navegador per saber com canviar la configuraci\u00f3 que actualment utilitza.<\/p>\n\n\n\n<p>Encara que l&#8217;Usuari configur\u00e9 el seu navegador per rebutjar totes les cookies o rebutjar expressament les cookies de la p\u00e0gina web de la nostra empresa podr\u00e0 navegar per aquesta amb l&#8217;\u00fanic inconvenient de no poder gaudir de les funcionalitats que requereixin la instal\u00b7laci\u00f3 d&#8217;alguna de elles. En qualsevol cas, l&#8217;Usuari podr\u00e0 eliminar les cookies implantades al vostre disc dur en qualsevol moment, seguint el procediment establert a la secci\u00f3 d&#8217;ajuda del vostre navegador i que posteriorment detallarem.<\/p>\n\n\n\n<p>Com a usuari, pots rebutjar el\n\n\n\n<p>Les galetes d&#8217;aquesta web ajuden a:<\/p>\n\n\n\n<p>\u2022\u00a0 Fer que aquesta web funcioni correctament<\/p>\n\n\n\n<p>\u2022\u00a0\u00a0 Permetre&#8217;t visualitzar v\u00eddeos<\/p>\n\n\n\n<p>\u2022\u00a0\u00a0 Millorar la velocitat \/ seguretat del lloc<\/p>\n\n\n\n<p>\u2022\u00a0\u00a0 Que puguis compartir p\u00e0gines amb xarxes socials<\/p>\n\n\n\n<p>\u2022\u00a0\u00a0\u00a0 Millorar cont\u00ednuament aquest lloc web<\/p>\n\n\n\n<p>No utilitzem mai galetes per a:<\/p>\n\n\n\n<p>\u2022\u00a0\u00a0\u00a0\u00a0 Recollir informaci\u00f3 d&#8217;identificaci\u00f3 personal (sense el vostre perm\u00eds expr\u00e9s)<\/p>\n\n\n\n<p>\u2022\u00a0\u00a0\u00a0\u00a0 Recollir informaci\u00f3 sensible (sense el teu perm\u00eds expr\u00e9s)<\/p>\n\n\n\n<p>\u2022\u00a0\u00a0\u00a0\u00a0 Compartir dades d&#8217;identificaci\u00f3 personal a tercers<\/p>\n\n\n\n<h4 class=\"wp-block-heading\">2. Galetes de tercers que utilitzem en aquesta web i que has de con\u00e8ixer<\/h4>\n\n\n\n<p>Aquest web, com la majoria de llocs web, inclou funcionalitats proporcionades per tercers.<\/p>\n\n\n\n<p>Tamb\u00e9 es posen a prova regularment nous dissenys o serveis de tercers per a recomanacions i informes.<\/p>\n\n\n\n<p>Aix\u00f2 pot modificar ocasionalment la configuraci\u00f3 de cookies i que apareguin cookies no detallades a la present pol\u00edtica. \u00c9s important que s\u00e0pigues que s\u00f3n galetes provisionals que no sempre \u00e9s possible informar i que nom\u00e9s tenen finalitats d&#8217;estudi i valoraci\u00f3. En cap cas s&#8217;utilitzaran cookies que comprometin la teva privadesa.<\/p>\n\n\n\n<p>Entre les galetes de tercers m\u00e9s estables hi ha:<\/p>\n\n\n\n<p>Les generades per serveis d&#8217;an\u00e0lisi. Concretament, Google Analytics per ajudar el website a analitzar l&#8217;\u00fas que fan els Usuaris del lloc web i millorar-ne la usabilitat, per\u00f2 en cap cas s&#8217;associen a dades que poguessin arribar a identificar l&#8217;usuari. Google Analytics \u00e9s un servei anal\u00edtic de web prestat per Google, Inc.<\/p>\n\n\n\n<p>L&#8217;usuari pot consultar a https:\/\/policies.google.com\/technologies\/types?hl=\u00e9s el tipus de cookies utilitzades per Google. Cookie de Google+ i Google Maps, segons el que disposa la seva p\u00e0gina sobre quin tipus de cookies utilitzen.<\/p>\n\n\n\n<p>Cookies de xarxes socials: Les galetes de xarxes socials es poden emmagatzemar al vostre navegador, si utilitzeu el bot\u00f3 de compartir continguts de la p\u00e0gina en alguna xarxa social.<\/p>\n\n\n\n<p>Les empreses que generen aquestes cookies corresponents a les xarxes socials que utilitza aquesta web tenen les seves pr\u00f2pies pol\u00edtiques de cookies:<\/p>\n\n\n\n<p>\u2022 Facebook:\u00a0<a href=\"https:\/\/www.facebook.com\/help\/323540651073243\/\">https:\/\/www.facebook.com\/help\/323540651073243\/<\/a><\/p>\n\n\n\n<p>\u2022 Linkedin:\u00a0<a href=\"https:\/\/www.linkedin.com\/legal\/privacy-policy?_l=ca_ES\">https:\/\/www.linkedin.com\/legal\/privacy-policy?_l= ca_CA<\/a><\/p>\n\n\n\n<p>\u2022 Twitter:\u00a0<a href=\"https:\/\/twitter.com\/privacy\">https:\/\/twitter.com\/privacy<\/a><\/p>\n\n\n\n<p>\u2022 Pinterest:<a href=\"https:\/\/policy.pinterest.com\/ca\/privacy-policy\">https:\/\/policy.pinterest.com\/ca\/privacy-policy<\/a><\/p> >\n\n\n\n<p>\u2022 Instagram:\u00a0<a href=\"https:\/\/help.instagram.com\/155833707900388\">https:\/\/help.instagram.com\/155833707900388<\/a><\/p>\n\n\n\n<p>Les implicacions de privadesa estaran en funci\u00f3 a cada xarxa social i dependran de la configuraci\u00f3 de privadesa que ha triat en aquestes xarxes. En cap cas, ni el responsable d&#8217;aquesta web ni els anunciants no poden obtenir informaci\u00f3 personal identificable d&#8217;aquestes cookies.<\/p>\n\n\n\n<p>A continuaci\u00f3, i segons exigeix \u200b\u200bl&#8217;article 22.2 de la LSSI es detallen les cookies que es poden instal\u00b7lar habitualment durant la navegaci\u00f3 per aquest lloc web:<\/p>\n\n\n<figure class=\"wp-block-table\">\n<table class=\"has-fixed-layout\">\n<thead>\n<tr>\n<td>COOKIE<\/td>\n<td>TIPUS<\/td>\n<td>DURADA<\/td>\n<td>DESCRIPCI\u00d3<\/td>\n<\/tr>\n<\/thead>\n<tbody>\n<tr>\n<td>_cookies<\/td>\n<td>persistent<\/td>\n<td>1 any<\/td>\n<td>Cookie t\u00e8cnica i estrictament necess\u00e0ria que cont\u00e9 el valor de si s&#8217;ha acceptat la instal\u00b7laci\u00f3 de cookies. Caduca en 1 any des de la darrera actualitzaci\u00f3.<\/td>\n<\/tr>\n<tr>\n<td>_ga<\/td>\n<td>persistent<\/td>\n<td>2 anys<\/td>\n<td>Cookie de Google Analytics que habilita la funci\u00f3 de control de visites \u00faniques. La primera vegada que un usuari entri al lloc web a trav\u00e9s d&#8217;un navegador s&#8217;instal\u00b7lar\u00e0 aquesta galeta. Quan aquest usuari torni a entrar a la web amb el mateix navegador, la galeta considerar\u00e0 que \u00e9s el mateix usuari. Nom\u00e9s en cas que l&#8217;usuari canvi\u00ef de navegador, es considerar\u00e0 un altre usuari. Caduca als 2 anys des de la darrera actualitzaci\u00f3.<\/td>\n<\/tr>\n<tr>\n<td>_gat<\/td>\n<td>persistent<\/td>\n<td>10 minuts<\/td>\n<td>Aquesta galeta s&#8217;associa amb Google Analytics Universal. Sutilitza per limitar la velocitat de petici\u00f3 \u2013 la limitaci\u00f3 de la recollida de dades en els llocs dalt tr\u00e0nsit. Caduca als 10 minuts.<\/td>\n<\/tr>\n<tr>\n<td>_gid<\/td>\n<td>persistent<\/td>\n<td>1 dia<\/td>\n<td>Google analytics<\/td>\n<\/tr>\n<tr>\n<td>_icl_visitor_lang_js<\/td>\n<td>session<\/td>\n<td>\u00a0<\/td>\n<td>Cookie t\u00e8cnica i estrictament necess\u00e0ria que cont\u00e9 l&#8217;idioma de la sessi\u00f3. S&#8217;elimina en tancar el navegador.<\/td>\n<\/tr>\n<tr>\n<td>_utma<\/td>\n<td>persistent<\/td>\n<td>2 anys<\/td>\n<td>Cookie de Google Analytics que registra la data de la primera i \u00faltima vegada que lusuari va vestir el lloc web. Caduca als 2 anys des de la darrera actualitzaci\u00f3.<\/td>\n<\/tr>\n<tr>\n<td>_utmb<\/td>\n<td>persistent<\/td>\n<td>30 minuts<\/td>\n<td>Cookie de Google Analytics que enregistra l&#8217;hora d&#8217;arribada a la p\u00e0gina web. Caduca als 30 minuts des de la darrera actualitzaci\u00f3.<\/td>\n<\/tr>\n<tr>\n<td>_utmc<\/td>\n<td>session<\/td>\n<td>\u00a0<\/td>\n<td>Cookie de Google Analytics utilitzada per a la interoperabilitat amb el codi de seguiment urchin.js. S&#8217;elimina en tancar el navegador.<\/td>\n<\/tr>\n<tr>\n<td>_utmt<\/td>\n<td>session<\/td>\n<td>\u00a0<\/td>\n<td>Cookie de Google Analytics. Aquesta galeta s&#8217;utilitza per processar el tipus de sol\u00b7licitud demanada per l&#8217;usuari. Caduca en finalitzar la sessi\u00f3.<\/td>\n<\/tr>\n<tr>\n<td>_utmv<\/td>\n<td>session<\/td>\n<td>\u00a0<\/td>\n<td>Cookie de Google Analytics. Aquesta galeta s&#8217;utilitza per segmentar dades demogr\u00e0fiques. Caduca en finalitzar la sessi\u00f3.<\/td>\n<\/tr>\n<tr>\n<td>_utmz<\/td>\n<td>persistent<\/td>\n<td>6 mesos<\/td>\n<td>Cookie de Google Analytics que emmagatzema la font de tr\u00e0nsit o una campanya per explicar com lusuari va arribar al lloc web. Caduca als 6 mesos des de la darrera actualitzaci\u00f3.<\/td>\n<\/tr>\n<tr>\n<td>wpml_browser_redirect<\/td>\n<td>session<\/td>\n<td>\u00a0<\/td>\n<td>Cookie t\u00e8cnica i estrictament necess\u00e0ria per proporcionar els continguts a l&#8217;idioma de l&#8217;usuari. S&#8217;elimina en tancar el navegador<\/td>\n<\/tr>\n<\/tbody>\n<\/table>\n<\/figure>\n\n\n\n<h4 class=\"wp-block-heading\">3. Com puc gestionar i desactivar aquestes galetes?<\/h4>\n\n\n\n<p>En cas de no desitjar que el lloc web no instal\u00b7li cap galeta al teu equip, hi ha la possibilitat d&#8217;adaptar el teu navegador de manera que se&#8217;t notifiqui abans que es descarregui cap galeta.<\/p>\n\n\n\n<p>As\u00ed las cosas, se puede igualmente modificar la configuraci\u00f3n del navegador de forma que rechace todas las cookies o \u00fanicamente las cookies de terceros. Tambi\u00e9n puedes eliminar cualquiera de las cookies que ya se encuentren en tu equipo. Ten en cuenta que tendr\u00e1s que adaptar por separado la configuraci\u00f3n de cada navegador y equipo que utilices.<\/p>\n\n\n\n<p>Ponemos a disposici\u00f3n de los usuarios que quieran impedir la instalaci\u00f3n de las mencionadas cookies, enlaces facilitados al efecto por navegadores cuyo uso se considera m\u00e1s extendido:<\/p>\n\n\n\n<p><strong>ADMINISTRACION DE COOKIES POR NAVEGADOR:\u00a0<\/strong><\/p>\n\n\n\n<p>Google Chrome,<br \/><a href=\"http:\/\/support.google.com\/chrome\/bin\/answer.py?hl=es&amp;answer=95647\">http:\/\/support.google.com\/chrome\/bin\/answer.py?hl=es&amp;answer=95647<\/a><br \/>Explorer,<br \/><a href=\"https:\/\/support.microsoft.com\/en-us\/help\/17442\/windows-internet-explorer-delete-manage-cookies\">https:\/\/support.microsoft.com\/en-us\/help\/17442\/windows-internet-explorer-delete-manage-cookies<\/a><br \/>Firefox,<br \/><a href=\"https:\/\/support.mozilla.org\/es\/kb\/Deshabilitar%20cookies%20de%20terceros\">https:\/\/support.mozilla.org\/es\/kb\/Deshabilitar%20cookies%20de%20terceros<\/a><br \/>Safari,<br \/><a href=\"http:\/\/support.apple.com\/kb\/ph5042\">http:\/\/support.apple.com\/kb\/ph5042<\/a><\/p>\n\n\n\n<p>Muchos navegadores permiten activar un modo privado mediante el cual las cookies se borran siempre despu\u00e9s de su visita. Dependiendo de cada navegador, este modo privado puede tener diferentes nombres, abajo puede encontrar una lista de los navegadores m\u00e1s comunes y los diferentes nombres de este \u201cmodo privado\u201d:<\/p>\n\n\n\n<p>\u2013 Internet Explorer 8 y superior: InPrivate<br \/>\u2013 FireFox 3.5 y superior: Navegaci\u00f3n Privada<br \/>\u2013 Google Chrome 10 y superior: Inc\u00f3gnito<br \/>\u2013 Safari 2 y superior: Navegaci\u00f3n Privada<br \/>\u2013 Opera 10.5 y superior: Navegaci\u00f3n Privada<\/p>\n\n\n\n<p>Por favor, lea atentamente la secci\u00f3n de ayuda de su navegador para conocer m\u00e1s acerca de c\u00f3mo activar el \u201cmodo privado\u201d. Podr\u00e1 seguir visitando nuestra Web aunque su navegador est\u00e9 en \u201cmodo privado\u201d, no obstante, la experiencia de usuario puede no ser \u00f3ptima y algunas utilidades pueden no funcionar.<\/p>\n\n\n\n<p>Si necesita m\u00e1s informaci\u00f3n acerca del bloqueo en su equipo de cookies, no dude en atender la explicaci\u00f3n que se le da en este enlace Web:\u00a0<a href=\"http:\/\/windows.microsoft.com\/es-es\/windows-vista\/block-or-allow-cookies\">http:\/\/windows.microsoft.com\/es-es\/windows-vista\/block-or-allow-cookies<\/a><\/p>\n\n\n\n<p>Aunque las cookies son esenciales para el funcionamiento de internet, aportando innumerables ventajas en la prestaci\u00f3n de servicios interactivos, facilit\u00e1ndole la navegaci\u00f3n y el uso de nuestra web. Las cookies no pueden da\u00f1ar su equipo y que, a cambio, el que est\u00e9n activadas nos ayudan a identificar y resolver los errores.<\/p>\n\n\n\n<div class=\"wp-block-spacer\" style=\"height: 100px;\" aria-hidden=\"true\">\u00a0<\/div>\n\t\t\t\t\t\t\t\t<\/div>\n\t\t\t\t<\/div>\n\t\t\t\t\t<\/div>\n\t\t\t\t<\/div>\n\t\t\t\t<\/div>\n\t\t","protected":false},"excerpt":{"rendered":"<p>Pol\u00edtica de cookies &nbsp; Article 22.2 de la Llei 34\/2002.\u00a0\u201cEls prestadors de serveis podran utilitzar dispositius d&#8217;emmagatzematge i recuperaci\u00f3 de dades en equips terminals dels destinataris, a condici\u00f3 que aquests hagin donat el seu consentiment despr\u00e9s que se&#8217;ls hagi facilitat informaci\u00f3 clara i completa sobre la seva utilitzaci\u00f3, en particular, sobre les finalitats del tractament [&hellip;]<\/p>\n","protected":false},"author":2,"featured_media":0,"parent":0,"menu_order":0,"comment_status":"closed","ping_status":"closed","template":"","meta":{"_acf_changed":false,"footnotes":""},"class_list":["post-638","page","type-page","status-publish","hentry"],"acf":[],"yoast_head":"<!-- This site is optimized with the Yoast SEO plugin v24.8.1 - https:\/\/yoast.com\/wordpress\/plugins\/seo\/ -->\n<title>Pol\u00edtica de cookies - Oassis Homes<\/title>\n<meta name=\"robots\" content=\"index, follow, max-snippet:-1, max-image-preview:large, max-video-preview:-1\" \/>\n<link rel=\"canonical\" href=\"https:\/\/oassishomes.com\/ca\/politica-de-cookies-2\/\" \/>\n<meta property=\"og:locale\" content=\"ca_ES\" \/>\n<meta property=\"og:type\" content=\"article\" \/>\n<meta property=\"og:title\" content=\"Pol\u00edtica de cookies - Oassis Homes\" \/>\n<meta property=\"og:description\" content=\"Pol\u00edtica de cookies &nbsp; Article 22.2 de la Llei 34\/2002.\u00a0\u201cEls prestadors de serveis podran utilitzar dispositius d&#8217;emmagatzematge i recuperaci\u00f3 de dades en equips terminals dels destinataris, a condici\u00f3 que aquests hagin donat el seu consentiment despr\u00e9s que se&#8217;ls hagi facilitat informaci\u00f3 clara i completa sobre la seva utilitzaci\u00f3, en particular, sobre les finalitats del tractament [&hellip;]\" \/>\n<meta property=\"og:url\" content=\"https:\/\/oassishomes.com\/ca\/politica-de-cookies-2\/\" \/>\n<meta property=\"og:site_name\" content=\"Oassis Homes\" \/>\n<meta property=\"article:modified_time\" content=\"2025-01-23T11:11:32+00:00\" \/>\n<meta name=\"twitter:card\" content=\"summary_large_image\" \/>\n<meta name=\"twitter:label1\" content=\"Temps estimat de lectura\" \/>\n\t<meta name=\"twitter:data1\" content=\"9 minuts\" \/>\n<script type=\"application\/ld+json\" class=\"yoast-schema-graph\">{\"@context\":\"https:\/\/schema.org\",\"@graph\":[{\"@type\":\"WebPage\",\"@id\":\"https:\/\/oassishomes.com\/ca\/politica-de-cookies-2\/\",\"url\":\"https:\/\/oassishomes.com\/ca\/politica-de-cookies-2\/\",\"name\":\"Pol\u00edtica de cookies - Oassis Homes\",\"isPartOf\":{\"@id\":\"https:\/\/oassishomes.com\/ca\/#website\"},\"datePublished\":\"2025-01-23T11:10:11+00:00\",\"dateModified\":\"2025-01-23T11:11:32+00:00\",\"breadcrumb\":{\"@id\":\"https:\/\/oassishomes.com\/ca\/politica-de-cookies-2\/#breadcrumb\"},\"inLanguage\":\"ca\",\"potentialAction\":[{\"@type\":\"ReadAction\",\"target\":[\"https:\/\/oassishomes.com\/ca\/politica-de-cookies-2\/\"]}]},{\"@type\":\"BreadcrumbList\",\"@id\":\"https:\/\/oassishomes.com\/ca\/politica-de-cookies-2\/#breadcrumb\",\"itemListElement\":[{\"@type\":\"ListItem\",\"position\":1,\"name\":\"Portada\",\"item\":\"https:\/\/oassishomes.com\/ca\/\"},{\"@type\":\"ListItem\",\"position\":2,\"name\":\"Pol\u00edtica de cookies\"}]},{\"@type\":\"WebSite\",\"@id\":\"https:\/\/oassishomes.com\/ca\/#website\",\"url\":\"https:\/\/oassishomes.com\/ca\/\",\"name\":\"Oassis Homes\",\"description\":\"Nom\u00e9s un altre lloc de Wordpress\",\"publisher\":{\"@id\":\"https:\/\/oassishomes.com\/ca\/#organization\"},\"potentialAction\":[{\"@type\":\"SearchAction\",\"target\":{\"@type\":\"EntryPoint\",\"urlTemplate\":\"https:\/\/oassishomes.com\/ca\/?s={search_term_string}\"},\"query-input\":{\"@type\":\"PropertyValueSpecification\",\"valueRequired\":true,\"valueName\":\"search_term_string\"}}],\"inLanguage\":\"ca\"},{\"@type\":\"Organization\",\"@id\":\"https:\/\/oassishomes.com\/ca\/#organization\",\"name\":\"Oassis Homes\",\"url\":\"https:\/\/oassishomes.com\/ca\/\",\"logo\":{\"@type\":\"ImageObject\",\"inLanguage\":\"ca\",\"@id\":\"https:\/\/oassishomes.com\/ca\/#\/schema\/logo\/image\/\",\"url\":\"https:\/\/oassishomes.com\/wp-content\/uploads\/2025\/01\/oassis_logo-08.png\",\"contentUrl\":\"https:\/\/oassishomes.com\/wp-content\/uploads\/2025\/01\/oassis_logo-08.png\",\"width\":412,\"height\":122,\"caption\":\"Oassis Homes\"},\"image\":{\"@id\":\"https:\/\/oassishomes.com\/ca\/#\/schema\/logo\/image\/\"}}]}<\/script>\n<!-- \/ Yoast SEO plugin. -->","yoast_head_json":{"title":"Pol\u00edtica de cookies - Oassis Homes","robots":{"index":"index","follow":"follow","max-snippet":"max-snippet:-1","max-image-preview":"max-image-preview:large","max-video-preview":"max-video-preview:-1"},"canonical":"https:\/\/oassishomes.com\/ca\/politica-de-cookies-2\/","og_locale":"ca_ES","og_type":"article","og_title":"Pol\u00edtica de cookies - Oassis Homes","og_description":"Pol\u00edtica de cookies &nbsp; Article 22.2 de la Llei 34\/2002.\u00a0\u201cEls prestadors de serveis podran utilitzar dispositius d&#8217;emmagatzematge i recuperaci\u00f3 de dades en equips terminals dels destinataris, a condici\u00f3 que aquests hagin donat el seu consentiment despr\u00e9s que se&#8217;ls hagi facilitat informaci\u00f3 clara i completa sobre la seva utilitzaci\u00f3, en particular, sobre les finalitats del tractament [&hellip;]","og_url":"https:\/\/oassishomes.com\/ca\/politica-de-cookies-2\/","og_site_name":"Oassis Homes","article_modified_time":"2025-01-23T11:11:32+00:00","twitter_card":"summary_large_image","twitter_misc":{"Temps estimat de lectura":"9 minuts"},"schema":{"@context":"https:\/\/schema.org","@graph":[{"@type":"WebPage","@id":"https:\/\/oassishomes.com\/ca\/politica-de-cookies-2\/","url":"https:\/\/oassishomes.com\/ca\/politica-de-cookies-2\/","name":"Pol\u00edtica de cookies - Oassis Homes","isPartOf":{"@id":"https:\/\/oassishomes.com\/ca\/#website"},"datePublished":"2025-01-23T11:10:11+00:00","dateModified":"2025-01-23T11:11:32+00:00","breadcrumb":{"@id":"https:\/\/oassishomes.com\/ca\/politica-de-cookies-2\/#breadcrumb"},"inLanguage":"ca","potentialAction":[{"@type":"ReadAction","target":["https:\/\/oassishomes.com\/ca\/politica-de-cookies-2\/"]}]},{"@type":"BreadcrumbList","@id":"https:\/\/oassishomes.com\/ca\/politica-de-cookies-2\/#breadcrumb","itemListElement":[{"@type":"ListItem","position":1,"name":"Portada","item":"https:\/\/oassishomes.com\/ca\/"},{"@type":"ListItem","position":2,"name":"Pol\u00edtica de cookies"}]},{"@type":"WebSite","@id":"https:\/\/oassishomes.com\/ca\/#website","url":"https:\/\/oassishomes.com\/ca\/","name":"Oassis Homes","description":"Nom\u00e9s un altre lloc de Wordpress","publisher":{"@id":"https:\/\/oassishomes.com\/ca\/#organization"},"potentialAction":[{"@type":"SearchAction","target":{"@type":"EntryPoint","urlTemplate":"https:\/\/oassishomes.com\/ca\/?s={search_term_string}"},"query-input":{"@type":"PropertyValueSpecification","valueRequired":true,"valueName":"search_term_string"}}],"inLanguage":"ca"},{"@type":"Organization","@id":"https:\/\/oassishomes.com\/ca\/#organization","name":"Oassis Homes","url":"https:\/\/oassishomes.com\/ca\/","logo":{"@type":"ImageObject","inLanguage":"ca","@id":"https:\/\/oassishomes.com\/ca\/#\/schema\/logo\/image\/","url":"https:\/\/oassishomes.com\/wp-content\/uploads\/2025\/01\/oassis_logo-08.png","contentUrl":"https:\/\/oassishomes.com\/wp-content\/uploads\/2025\/01\/oassis_logo-08.png","width":412,"height":122,"caption":"Oassis Homes"},"image":{"@id":"https:\/\/oassishomes.com\/ca\/#\/schema\/logo\/image\/"}}]}},"_links":{"self":[{"href":"https:\/\/oassishomes.com\/ca\/wp-json\/wp\/v2\/pages\/638","targetHints":{"allow":["GET"]}}],"collection":[{"href":"https:\/\/oassishomes.com\/ca\/wp-json\/wp\/v2\/pages"}],"about":[{"href":"https:\/\/oassishomes.com\/ca\/wp-json\/wp\/v2\/types\/page"}],"author":[{"embeddable":true,"href":"https:\/\/oassishomes.com\/ca\/wp-json\/wp\/v2\/users\/2"}],"replies":[{"embeddable":true,"href":"https:\/\/oassishomes.com\/ca\/wp-json\/wp\/v2\/comments?post=638"}],"version-history":[{"count":7,"href":"https:\/\/oassishomes.com\/ca\/wp-json\/wp\/v2\/pages\/638\/revisions"}],"predecessor-version":[{"id":653,"href":"https:\/\/oassishomes.com\/ca\/wp-json\/wp\/v2\/pages\/638\/revisions\/653"}],"wp:attachment":[{"href":"https:\/\/oassishomes.com\/ca\/wp-json\/wp\/v2\/media?parent=638"}],"curies":[{"name":"wp","href":"https:\/\/api.w.org\/{rel}","templated":true}]}}